{"id":54,"date":"2018-07-12T20:23:33","date_gmt":"2018-07-12T18:23:33","guid":{"rendered":"http:\/\/feuerwehr-umkirch.de\/wordpress\/?page_id=54"},"modified":"2026-01-04T14:15:46","modified_gmt":"2026-01-04T13:15:46","slug":"jugendfeuerwehr","status":"publish","type":"page","link":"https:\/\/feuerwehr-umkirch.de\/wordpress\/jugendfeuerwehr\/","title":{"rendered":"Jugendfeuerwehr"},"content":{"rendered":"\n<h2 class=\"wp-block-heading has-vivid-red-color has-text-color has-link-color wp-elements-54b84177408de74ad91a28ad51bbdbae\"><strong>Jugendfeuerwehr? Na klar!<\/strong><\/h2>\n\n\n\n<p>Du bist ein M\u00e4dchen oder Junge und mindestens 10 Jahre alt?<br>Du bist interessiert an der Arbeit der Feuerwehr und an der Technik die sie einsetzt?<\/p>\n\n\n\n<p>Die Jugendfeuerwehr bietet Dir viel Spa\u00df und Technik zum Anfassen. Bei \u00dcbungen befasst Du Dich mit den Ger\u00e4tschaften und Fahrzeugen, welche die Feuerwehr bei ihren Eins\u00e4tzen ben\u00f6tigt. Die Technik ist aber nicht alles bei der Jugendfeuerwehr! Kameradschaft, Teamgeist und Spa\u00df z\u00e4hlt auch bei den zahlreichen Aktivit\u00e4ten dazu wie beispielsweise Jugendfeuerwehr Fu\u00dfballturnier, \u00dcbernachten auf dem Grillplatz, Sternmarsch oder ein 24h-Tag sind nur einige der vielen Programmpunkte.<\/p>\n\n\n\n<p>Hast Du Lust, Dir das mal anzusehen? Dann komm doch einfach mal vorbei! Wir treffen uns jeden Mittwoch um 17:45 im Feuerwehrger\u00e4tehaus, oder wende Dich an <a href=\"mailto:jugend@feuerwehr-umkirch.de\">jugend@feuerwehr-umkirch.de<\/a>.<\/p>\n\n\n\n<p class=\"has-vivid-red-color has-text-color has-medium-font-size\">So k\u00f6nnt ihr den Kalender abonnieren:<\/p>\n\n\n\n<p>F\u00fcr iPhone hier klicken: <a href=\"https:\/\/feuerwehr-umkirch.de\/kalender\/jugendfeuerwehr\">https:\/\/feuerwehr-umkirch.de\/kalender\/jugendfeuerwehr<\/a><\/p>\n\n\n\n<p>F\u00fcr Android <a href=\"https:\/\/feuerwehr-umkirch.de\/wordpress\/kalender-in-android-abonnieren\/\" data-type=\"page\" data-id=\"1653\">dieser Anleitung folgen<\/a>.<\/p>\n\n\n\n<div class=\"r34ics-ajax-container loading\" id=\"r69ea3a6c0770775\" data-view=\"month\" data-view-is-list-style=\"0\" data-view-is-list-long=\"0\" data-args=\"a6b277f918e22dc72a6121f71f8a944995e49285\" data-js-args=\"{&quot;debug&quot;:null}\">&nbsp;<\/div>\n","protected":false},"excerpt":{"rendered":"<p>Jugendfeuerwehr? Na klar! Du bist ein M\u00e4dchen oder Junge und mindestens 10 Jahre alt?Du bist interessiert an der Arbeit der Feuerwehr und an der Technik die sie einsetzt? Die Jugendfeuerwehr bietet Dir viel Spa\u00df und Technik zum Anfassen. Bei \u00dcbungen befasst Du Dich mit den Ger\u00e4tschaften und Fahrzeugen, welche die Feuerwehr bei ihren Eins\u00e4tzen ben\u00f6tigt. &hellip; <\/p>\n<p class=\"link-more\"><a href=\"https:\/\/feuerwehr-umkirch.de\/wordpress\/jugendfeuerwehr\/\" class=\"more-link\"><span class=\"screen-reader-text\">\u201eJugendfeuerwehr\u201c <\/span>weiterlesen<\/a><\/p>\n","protected":false},"author":1,"featured_media":1712,"parent":0,"menu_order":0,"comment_status":"closed","ping_status":"closed","template":"","meta":{"footnotes":""},"class_list":["post-54","page","type-page","status-publish","has-post-thumbnail","hentry"],"_links":{"self":[{"href":"https:\/\/feuerwehr-umkirch.de\/wordpress\/wp-json\/wp\/v2\/pages\/54","targetHints":{"allow":["GET"]}}],"collection":[{"href":"https:\/\/feuerwehr-umkirch.de\/wordpress\/wp-json\/wp\/v2\/pages"}],"about":[{"href":"https:\/\/feuerwehr-umkirch.de\/wordpress\/wp-json\/wp\/v2\/types\/page"}],"author":[{"embeddable":true,"href":"https:\/\/feuerwehr-umkirch.de\/wordpress\/wp-json\/wp\/v2\/users\/1"}],"replies":[{"embeddable":true,"href":"https:\/\/feuerwehr-umkirch.de\/wordpress\/wp-json\/wp\/v2\/comments?post=54"}],"version-history":[{"count":10,"href":"https:\/\/feuerwehr-umkirch.de\/wordpress\/wp-json\/wp\/v2\/pages\/54\/revisions"}],"predecessor-version":[{"id":1906,"href":"https:\/\/feuerwehr-umkirch.de\/wordpress\/wp-json\/wp\/v2\/pages\/54\/revisions\/1906"}],"wp:featuredmedia":[{"embeddable":true,"href":"https:\/\/feuerwehr-umkirch.de\/wordpress\/wp-json\/wp\/v2\/media\/1712"}],"wp:attachment":[{"href":"https:\/\/feuerwehr-umkirch.de\/wordpress\/wp-json\/wp\/v2\/media?parent=54"}],"curies":[{"name":"wp","href":"https:\/\/api.w.org\/{rel}","templated":true}]}}