{"id":1768,"date":"2024-06-30T16:42:29","date_gmt":"2024-06-30T14:42:29","guid":{"rendered":"https:\/\/feuerwehr-umkirch.de\/wordpress\/?page_id=1768"},"modified":"2026-01-04T14:16:23","modified_gmt":"2026-01-04T13:16:23","slug":"kinderfeuerwehr","status":"publish","type":"page","link":"https:\/\/feuerwehr-umkirch.de\/wordpress\/kinderfeuerwehr\/","title":{"rendered":"Kinderfeuerwehr"},"content":{"rendered":"\n<p class=\"has-vivid-red-color has-text-color has-link-color has-medium-font-size wp-elements-ece7c13a33bee93166a801f253764d51\">Kinderfeuerwehr ab der 1. Klasse<\/p>\n\n\n\n<p>Du bist schon in der Schule, aber noch keine 10 Jahre alt? Dann komm doch zu uns in die Jugendfeuerwehr! Wir treffen uns jeden Mittwoch von 17 bis 18 Uhr am Ger\u00e4tehaus.<\/p>\n\n\n\n<p><br>Die Umkircher L\u00f6schbande hei\u00dft alle jungen Abenteurerinnen und Abenteurer herzlich willkommen! Als wichtiger Teil der Freiwilligen Feuerwehr umkirch bieten wir Kindern eine spannende und lehrreiche M\u00f6glichkeit, die Welt der Feuerwehr hautnah zu erleben.<br>Bei uns entdecken die Kinder auf unterhaltsame Weise die Grundlagen des Brandschutzes, lernen wichtige Sicherheitstipps und erhalten einen Einblick in die Arbeit der Feuerwehr. Neben praktischen \u00dcbungen und spannenden Ausfl\u00fcgen, f\u00f6rdern wir auch das Gemeinschaftsgef\u00fchl durch gemeinsame Spiele und Aktivit\u00e4ten.<\/p>\n\n\n\n<figure class=\"wp-block-image size-large\"><img loading=\"lazy\" decoding=\"async\" width=\"918\" height=\"1024\" src=\"https:\/\/feuerwehr-umkirch.de\/wp-content\/uploads\/2024\/06\/LOeSCHBANDE-LOGO_rgb-918x1024.png\" alt=\"\" class=\"wp-image-1784\" srcset=\"https:\/\/feuerwehr-umkirch.de\/wp-content\/uploads\/2024\/06\/LOeSCHBANDE-LOGO_rgb-918x1024.png 918w, https:\/\/feuerwehr-umkirch.de\/wp-content\/uploads\/2024\/06\/LOeSCHBANDE-LOGO_rgb-269x300.png 269w, https:\/\/feuerwehr-umkirch.de\/wp-content\/uploads\/2024\/06\/LOeSCHBANDE-LOGO_rgb-768x857.png 768w, https:\/\/feuerwehr-umkirch.de\/wp-content\/uploads\/2024\/06\/LOeSCHBANDE-LOGO_rgb-1377x1536.png 1377w, https:\/\/feuerwehr-umkirch.de\/wp-content\/uploads\/2024\/06\/LOeSCHBANDE-LOGO_rgb.png 1647w\" sizes=\"auto, (max-width: 767px) 89vw, (max-width: 1000px) 54vw, (max-width: 1071px) 543px, 580px\" \/><\/figure>\n\n\n\n<p class=\"has-vivid-red-color has-text-color has-link-color has-medium-font-size wp-elements-8173c83c3f07bec0cf326165dbca1e3e\">So kannst du mitmachen<\/p>\n\n\n\n<p>Hast du noch Fragen zur Kinderfeuerwehr? Dann wende Dich gerne an <a href=\"mailto:loeschbande@feuerwehr-umkirch.de\">loeschbande@feuerwehr-umkirch.de<\/a> <\/p>\n\n\n\n<p>Du m\u00f6chtest mitmachen? Dann stelle eine Anfrage \u00fcber folgenden Link:<\/p>\n\n\n\n<p><a href=\"https:\/\/feuerwehr-umkirch.de\/wordpress\/anfrage-kinderfeuerwehr\/\" data-type=\"page\" data-id=\"1589\">Anfrage zur Aufnahme in die Kinderfeuerwehr<\/a><\/p>\n\n\n\n<p class=\"has-vivid-red-color has-text-color has-medium-font-size\">So k\u00f6nnt ihr den Kalender abonnieren:<\/p>\n\n\n\n<p>F\u00fcr iPhone hier klicken: <a href=\"https:\/\/feuerwehr-umkirch.de\/kalender\/kinderfeuerwehr\">https:\/\/feuerwehr-umkirch.de\/kalender\/kinderfeuerwehr<\/a><\/p>\n\n\n\n<p>F\u00fcr Android <a href=\"https:\/\/feuerwehr-umkirch.de\/wordpress\/kalender-in-android-abonnieren\/\" data-type=\"page\" data-id=\"1653\">dieser Anleitung folgen<\/a>.<\/p>\n\n\n\n<div class=\"r34ics-ajax-container loading\" id=\"r69ea27c3ead1620\" data-view=\"month\" data-view-is-list-style=\"0\" data-view-is-list-long=\"0\" data-args=\"1805e467ab6dfa045e834ade3fa2c34cd1907d20\" data-js-args=\"{&quot;debug&quot;:null}\">&nbsp;<\/div>\n","protected":false},"excerpt":{"rendered":"<p>Kinderfeuerwehr ab der 1. Klasse Du bist schon in der Schule, aber noch keine 10 Jahre alt? Dann komm doch zu uns in die Jugendfeuerwehr! Wir treffen uns jeden Mittwoch von 17 bis 18 Uhr am Ger\u00e4tehaus. Die Umkircher L\u00f6schbande hei\u00dft alle jungen Abenteurerinnen und Abenteurer herzlich willkommen! Als wichtiger Teil der Freiwilligen Feuerwehr umkirch &hellip; <\/p>\n<p class=\"link-more\"><a href=\"https:\/\/feuerwehr-umkirch.de\/wordpress\/kinderfeuerwehr\/\" class=\"more-link\"><span class=\"screen-reader-text\">\u201eKinderfeuerwehr\u201c <\/span>weiterlesen<\/a><\/p>\n","protected":false},"author":3,"featured_media":0,"parent":0,"menu_order":0,"comment_status":"closed","ping_status":"closed","template":"","meta":{"footnotes":""},"class_list":["post-1768","page","type-page","status-publish","hentry"],"_links":{"self":[{"href":"https:\/\/feuerwehr-umkirch.de\/wordpress\/wp-json\/wp\/v2\/pages\/1768","targetHints":{"allow":["GET"]}}],"collection":[{"href":"https:\/\/feuerwehr-umkirch.de\/wordpress\/wp-json\/wp\/v2\/pages"}],"about":[{"href":"https:\/\/feuerwehr-umkirch.de\/wordpress\/wp-json\/wp\/v2\/types\/page"}],"author":[{"embeddable":true,"href":"https:\/\/feuerwehr-umkirch.de\/wordpress\/wp-json\/wp\/v2\/users\/3"}],"replies":[{"embeddable":true,"href":"https:\/\/feuerwehr-umkirch.de\/wordpress\/wp-json\/wp\/v2\/comments?post=1768"}],"version-history":[{"count":8,"href":"https:\/\/feuerwehr-umkirch.de\/wordpress\/wp-json\/wp\/v2\/pages\/1768\/revisions"}],"predecessor-version":[{"id":1907,"href":"https:\/\/feuerwehr-umkirch.de\/wordpress\/wp-json\/wp\/v2\/pages\/1768\/revisions\/1907"}],"wp:attachment":[{"href":"https:\/\/feuerwehr-umkirch.de\/wordpress\/wp-json\/wp\/v2\/media?parent=1768"}],"curies":[{"name":"wp","href":"https:\/\/api.w.org\/{rel}","templated":true}]}}