{"id":1439,"date":"2023-02-12T16:28:00","date_gmt":"2023-02-12T15:28:00","guid":{"rendered":"https:\/\/feuerwehr-umkirch.de\/wordpress\/?page_id=1439"},"modified":"2024-09-09T21:41:37","modified_gmt":"2024-09-09T19:41:37","slug":"mach-mit","status":"publish","type":"page","link":"https:\/\/feuerwehr-umkirch.de\/wordpress\/","title":{"rendered":"Mach mit!"},"content":{"rendered":"\n<h1 class=\"wp-block-heading\"><strong>Mach den Unterschied &#8211; werde Alltagsheld! <\/strong><\/h1>\n\n\n\n<h2 class=\"wp-block-heading has-vivid-red-color has-text-color has-link-color wp-elements-95a12f4b3d0eb65c32ebe5ca0e2d75ad\">In der Einsatzabteilung<\/h2>\n\n\n\n<p>Hast Du Interesse an der Feuerwehr und bist mindestens 17 Jahre alt? Dann komm&nbsp;doch einfach zur <strong><a href=\"https:\/\/feuerwehr-umkirch.de\/wordpress\/einsatzabteilung-2\/\" data-type=\"page\" data-id=\"1638\">n\u00e4chsten Probe<\/a><\/strong> ans Feuerwehrger\u00e4tehaus, Hauptstra\u00dfe 3, und mach einfach mal unverbindlich mit! Zum Mitmachen&nbsp;sind keine Vorkenntnisse notwendig, Quereinsteiger sind bei uns herzlich willkommen!<\/p>\n\n\n\n<p>Egal ob Handwerk, B\u00fcrojob oder Student, bei uns ist alles vertreten. Die Altersspanne in der Einsatzabteilung erstreckt sich von 17 bis 65 Jahren. Bei aller Einsatzt\u00e4tigkeit kommt auch die Familie nicht zu kurz. Viele unserer Mitglieder haben Familie mit Kindern und beziehen diese auch mit in das Feuerwehrleben ein. Dazu geh\u00f6ren auch Ausfl\u00fcge und unser j\u00e4hrlicher Familientag.<\/p>\n\n\n\n<p>Freiwillige Feuerwehr ist Ehrenamt. Die Kameradinnen und Kameraden der Umkircher Wehr gehen ihrem normalen Alltag nach. Im Alarmfall werden wir durch die Integrierte Leitstelle Freiburg alarmiert. Daraufhin gehen wir z\u00fcgig ins Ger\u00e4tehaus, r\u00fcsten uns aus und fahren zum Einsatzort. Nach dem Einsatz gehen wir alle wieder unserem Alltag nach. <\/p>\n\n\n\n<p>Probentermine findest Du in unserem <a href=\"https:\/\/feuerwehr-umkirch.de\/wordpress\/einsatzabteilung-2\/\" data-type=\"page\" data-id=\"1638\">Kalender<\/a>. <\/p>\n\n\n\n<p>Hast du noch Fragen? Dann kontaktiere uns doch \u00fcber\u00a0<a href=\"https:\/\/de-de.facebook.com\/feuerwehr.umkirch\/\" data-type=\"URL\" data-id=\"https:\/\/de-de.facebook.com\/feuerwehr.umkirch\/\">Facebook<\/a> oder schreib uns an <a href=\"mailto:info@feuerwehr-umkirch.de\">info@feuerwehr-umkirch.de<\/a>.<\/p>\n\n\n\n<h2 class=\"wp-block-heading has-vivid-red-color has-text-color has-link-color wp-elements-f6704e10e8e209d7938e30faf1fbf7e3\">In der Jugendfeuerwehr<\/h2>\n\n\n\n<p>Du bist zwar noch keine 17, aber schon 10&nbsp;Jahre alt? Dann komm doch zu unserer Jugendfeuerwehr! Wir bieten Dir viel Spa\u00df und Technik zum Anfassen. Bei \u00dcbungen befasst Du Dich mit den Ger\u00e4tschaften und Fahrzeugen, welche die Feuerwehr bei ihren Eins\u00e4tzen ben\u00f6tigt. Hast Du Lust, Dir das mal anzusehen? Dann komm doch einfach mal vorbei! Wir treffen uns jeden Mittwoch um 17:45 im Feuerwehrger\u00e4tehaus, oder wende Dich an <a href=\"mailto:jugend@feuerwehr-umkirch.de\">jugend@feuerwehr-umkirch.de<\/a>.&nbsp;<\/p>\n\n\n\n<h2 class=\"wp-block-heading has-vivid-red-color has-text-color has-link-color wp-elements-b9bb50c46906205efde843728e863d7f\">In der Kinderfeuerwehr<\/h2>\n\n\n\n<p>Du bist schon in der 1. Klasse und noch keine 10&nbsp;Jahre alt? Dann komm doch zu unserer Kinderfeuerwehr!  Wir treffen uns jeden Mittwoch um 17:00 im Feuerwehrger\u00e4tehaus. Kontaktiere uns \u00fcber <a href=\"mailto:loeschbande@feuerwehr-umkirch.de\">loeschbande@feuerwehr-umkirch.de<\/a>.&nbsp;<\/p>\n\n\n\n<figure class=\"wp-block-image size-large\"><img loading=\"lazy\" decoding=\"async\" width=\"1024\" height=\"680\" src=\"https:\/\/feuerwehr-umkirch.de\/wp-content\/uploads\/2024\/06\/actionmitjugend2024-1024x680.jpeg\" alt=\"\" class=\"wp-image-1746\" srcset=\"https:\/\/feuerwehr-umkirch.de\/wp-content\/uploads\/2024\/06\/actionmitjugend2024-1024x680.jpeg 1024w, https:\/\/feuerwehr-umkirch.de\/wp-content\/uploads\/2024\/06\/actionmitjugend2024-300x199.jpeg 300w, https:\/\/feuerwehr-umkirch.de\/wp-content\/uploads\/2024\/06\/actionmitjugend2024-768x510.jpeg 768w, https:\/\/feuerwehr-umkirch.de\/wp-content\/uploads\/2024\/06\/actionmitjugend2024-1536x1020.jpeg 1536w, https:\/\/feuerwehr-umkirch.de\/wp-content\/uploads\/2024\/06\/actionmitjugend2024-2048x1360.jpeg 2048w\" sizes=\"auto, (max-width: 767px) 89vw, (max-width: 1000px) 54vw, (max-width: 1071px) 543px, 580px\" \/><\/figure>\n\n\n\n<p><\/p>\n","protected":false},"excerpt":{"rendered":"<p>Mach den Unterschied &#8211; werde Alltagsheld! In der Einsatzabteilung Hast Du Interesse an der Feuerwehr und bist mindestens 17 Jahre alt? Dann komm&nbsp;doch einfach zur n\u00e4chsten Probe ans Feuerwehrger\u00e4tehaus, Hauptstra\u00dfe 3, und mach einfach mal unverbindlich mit! Zum Mitmachen&nbsp;sind keine Vorkenntnisse notwendig, Quereinsteiger sind bei uns herzlich willkommen! Egal ob Handwerk, B\u00fcrojob oder Student, bei &hellip; <\/p>\n<p class=\"link-more\"><a href=\"https:\/\/feuerwehr-umkirch.de\/wordpress\/\" class=\"more-link\"><span class=\"screen-reader-text\">\u201eMach mit!\u201c <\/span>weiterlesen<\/a><\/p>\n","protected":false},"author":3,"featured_media":1746,"parent":0,"menu_order":0,"comment_status":"closed","ping_status":"closed","template":"","meta":{"footnotes":""},"class_list":["post-1439","page","type-page","status-publish","has-post-thumbnail","hentry"],"_links":{"self":[{"href":"https:\/\/feuerwehr-umkirch.de\/wordpress\/wp-json\/wp\/v2\/pages\/1439","targetHints":{"allow":["GET"]}}],"collection":[{"href":"https:\/\/feuerwehr-umkirch.de\/wordpress\/wp-json\/wp\/v2\/pages"}],"about":[{"href":"https:\/\/feuerwehr-umkirch.de\/wordpress\/wp-json\/wp\/v2\/types\/page"}],"author":[{"embeddable":true,"href":"https:\/\/feuerwehr-umkirch.de\/wordpress\/wp-json\/wp\/v2\/users\/3"}],"replies":[{"embeddable":true,"href":"https:\/\/feuerwehr-umkirch.de\/wordpress\/wp-json\/wp\/v2\/comments?post=1439"}],"version-history":[{"count":15,"href":"https:\/\/feuerwehr-umkirch.de\/wordpress\/wp-json\/wp\/v2\/pages\/1439\/revisions"}],"predecessor-version":[{"id":1806,"href":"https:\/\/feuerwehr-umkirch.de\/wordpress\/wp-json\/wp\/v2\/pages\/1439\/revisions\/1806"}],"wp:featuredmedia":[{"embeddable":true,"href":"https:\/\/feuerwehr-umkirch.de\/wordpress\/wp-json\/wp\/v2\/media\/1746"}],"wp:attachment":[{"href":"https:\/\/feuerwehr-umkirch.de\/wordpress\/wp-json\/wp\/v2\/media?parent=1439"}],"curies":[{"name":"wp","href":"https:\/\/api.w.org\/{rel}","templated":true}]}}